{"id":952,"date":"2023-03-23T09:09:55","date_gmt":"2023-03-23T12:09:55","guid":{"rendered":"https:\/\/www.soozhotel.com\/lgpd\/"},"modified":"2023-05-15T14:24:54","modified_gmt":"2023-05-15T17:24:54","slug":"lgpd","status":"publish","type":"page","link":"https:\/\/www.soozhotel.com\/en\/lgpd\/","title":{"rendered":"LGPD"},"content":{"rendered":"<p>[et_pb_section bb_built=&#8221;1&#8243; _builder_version=&#8221;4.17.4&#8243; _module_preset=&#8221;default&#8221; da_disable_devices=&#8221;off|off|off&#8221; global_colors_info=&#8221;{}&#8221; da_is_popup=&#8221;off&#8221; da_exit_intent=&#8221;off&#8221; da_has_close=&#8221;on&#8221; da_alt_close=&#8221;off&#8221; da_dark_close=&#8221;off&#8221; da_not_modal=&#8221;on&#8221; da_is_singular=&#8221;off&#8221; da_with_loader=&#8221;off&#8221; da_has_shadow=&#8221;on&#8221;][et_pb_row _builder_version=&#8221;4.17.4&#8243; _module_preset=&#8221;default&#8221; global_colors_info=&#8221;{}&#8221;][et_pb_column type=&#8221;4_4&#8243; _builder_version=&#8221;4.17.4&#8243; _module_preset=&#8221;default&#8221; global_colors_info=&#8221;{}&#8221;][et_pb_text _builder_version=&#8221;4.17.4&#8243; _module_preset=&#8221;default&#8221; header_font=&#8221;Gotham-Bold||||||||&#8221; header_font_size=&#8221;34px&#8221; header_letter_spacing=&#8221;10px&#8221; global_colors_info=&#8221;{}&#8221;]<\/p>\n<h1>LGPD<\/h1>\n<p>[\/et_pb_text][et_pb_text _builder_version=&#8221;4.21.0&#8243; _module_preset=&#8221;default&#8221; text_text_color=&#8221;#000000&#8243; text_font_size=&#8221;18px&#8221; link_font=&#8221;||||on||||&#8221; link_text_color=&#8221;#000000&#8243; hover_enabled=&#8221;0&#8243; global_colors_info=&#8221;{}&#8221; sticky_enabled=&#8221;0&#8243; background_pattern_color=&#8221;rgba(0,0,0,0.2)&#8221; background_mask_color=&#8221;#ffffff&#8221; text_text_shadow_horizontal_length=&#8221;text_text_shadow_style,%91object Object%93&#8243; text_text_shadow_horizontal_length_tablet=&#8221;0px&#8221; text_text_shadow_vertical_length=&#8221;text_text_shadow_style,%91object Object%93&#8243; text_text_shadow_vertical_length_tablet=&#8221;0px&#8221; text_text_shadow_blur_strength=&#8221;text_text_shadow_style,%91object Object%93&#8243; text_text_shadow_blur_strength_tablet=&#8221;1px&#8221; link_text_shadow_horizontal_length=&#8221;link_text_shadow_style,%91object Object%93&#8243; link_text_shadow_horizontal_length_tablet=&#8221;0px&#8221; link_text_shadow_vertical_length=&#8221;link_text_shadow_style,%91object Object%93&#8243; link_text_shadow_vertical_length_tablet=&#8221;0px&#8221; link_text_shadow_blur_strength=&#8221;link_text_shadow_style,%91object Object%93&#8243; link_text_shadow_blur_strength_tablet=&#8221;1px&#8221; ul_text_shadow_horizontal_length=&#8221;ul_text_shadow_style,%91object Object%93&#8243; ul_text_shadow_horizontal_length_tablet=&#8221;0px&#8221; ul_text_shadow_vertical_length=&#8221;ul_text_shadow_style,%91object Object%93&#8243; ul_text_shadow_vertical_length_tablet=&#8221;0px&#8221; ul_text_shadow_blur_strength=&#8221;ul_text_shadow_style,%91object Object%93&#8243; ul_text_shadow_blur_strength_tablet=&#8221;1px&#8221; ol_text_shadow_horizontal_length=&#8221;ol_text_shadow_style,%91object Object%93&#8243; ol_text_shadow_horizontal_length_tablet=&#8221;0px&#8221; ol_text_shadow_vertical_length=&#8221;ol_text_shadow_style,%91object Object%93&#8243; ol_text_shadow_vertical_length_tablet=&#8221;0px&#8221; ol_text_shadow_blur_strength=&#8221;ol_text_shadow_style,%91object Object%93&#8243; ol_text_shadow_blur_strength_tablet=&#8221;1px&#8221; quote_text_shadow_horizontal_length=&#8221;quote_text_shadow_style,%91object Object%93&#8243; quote_text_shadow_horizontal_length_tablet=&#8221;0px&#8221; quote_text_shadow_vertical_length=&#8221;quote_text_shadow_style,%91object Object%93&#8243; quote_text_shadow_vertical_length_tablet=&#8221;0px&#8221; quote_text_shadow_blur_strength=&#8221;quote_text_shadow_style,%91object Object%93&#8243; quote_text_shadow_blur_strength_tablet=&#8221;1px&#8221; header_text_shadow_horizontal_length=&#8221;header_text_shadow_style,%91object Object%93&#8243; header_text_shadow_horizontal_length_tablet=&#8221;0px&#8221; header_text_shadow_vertical_length=&#8221;header_text_shadow_style,%91object Object%93&#8243; header_text_shadow_vertical_length_tablet=&#8221;0px&#8221; header_text_shadow_blur_strength=&#8221;header_text_shadow_style,%91object Object%93&#8243; header_text_shadow_blur_strength_tablet=&#8221;1px&#8221; header_2_text_shadow_horizontal_length=&#8221;header_2_text_shadow_style,%91object Object%93&#8243; header_2_text_shadow_horizontal_length_tablet=&#8221;0px&#8221; header_2_text_shadow_vertical_length=&#8221;header_2_text_shadow_style,%91object Object%93&#8243; header_2_text_shadow_vertical_length_tablet=&#8221;0px&#8221; header_2_text_shadow_blur_strength=&#8221;header_2_text_shadow_style,%91object Object%93&#8243; header_2_text_shadow_blur_strength_tablet=&#8221;1px&#8221; header_3_text_shadow_horizontal_length=&#8221;header_3_text_shadow_style,%91object Object%93&#8243; header_3_text_shadow_horizontal_length_tablet=&#8221;0px&#8221; header_3_text_shadow_vertical_length=&#8221;header_3_text_shadow_style,%91object Object%93&#8243; header_3_text_shadow_vertical_length_tablet=&#8221;0px&#8221; header_3_text_shadow_blur_strength=&#8221;header_3_text_shadow_style,%91object Object%93&#8243; header_3_text_shadow_blur_strength_tablet=&#8221;1px&#8221; header_4_text_shadow_horizontal_length=&#8221;header_4_text_shadow_style,%91object Object%93&#8243; header_4_text_shadow_horizontal_length_tablet=&#8221;0px&#8221; header_4_text_shadow_vertical_length=&#8221;header_4_text_shadow_style,%91object Object%93&#8243; header_4_text_shadow_vertical_length_tablet=&#8221;0px&#8221; header_4_text_shadow_blur_strength=&#8221;header_4_text_shadow_style,%91object Object%93&#8243; header_4_text_shadow_blur_strength_tablet=&#8221;1px&#8221; header_5_text_shadow_horizontal_length=&#8221;header_5_text_shadow_style,%91object Object%93&#8243; header_5_text_shadow_horizontal_length_tablet=&#8221;0px&#8221; header_5_text_shadow_vertical_length=&#8221;header_5_text_shadow_style,%91object Object%93&#8243; header_5_text_shadow_vertical_length_tablet=&#8221;0px&#8221; header_5_text_shadow_blur_strength=&#8221;header_5_text_shadow_style,%91object Object%93&#8243; header_5_text_shadow_blur_strength_tablet=&#8221;1px&#8221; header_6_text_shadow_horizontal_length=&#8221;header_6_text_shadow_style,%91object Object%93&#8243; header_6_text_shadow_horizontal_length_tablet=&#8221;0px&#8221; header_6_text_shadow_vertical_length=&#8221;header_6_text_shadow_style,%91object Object%93&#8243; header_6_text_shadow_vertical_length_tablet=&#8221;0px&#8221; header_6_text_shadow_blur_strength=&#8221;header_6_text_shadow_style,%91object Object%93&#8243; header_6_text_shadow_blur_strength_tablet=&#8221;1px&#8221; box_shadow_horizontal_tablet=&#8221;0px&#8221; box_shadow_vertical_tablet=&#8221;0px&#8221; box_shadow_blur_tablet=&#8221;40px&#8221; box_shadow_spread_tablet=&#8221;0px&#8221; vertical_offset_tablet=&#8221;0&#8243; horizontal_offset_tablet=&#8221;0&#8243; z_index_tablet=&#8221;0&#8243;]<\/p>\n<p><b>Purpose for which we use your data<\/b><\/p>\n<ul>\n<li style=\"font-weight: 400;\" aria-level=\"1\"><span style=\"font-weight: 400;\">To maintain the contractual relationship with our clients, for the provision of services by Endutex Hotels;<\/span><\/li>\n<li style=\"font-weight: 400;\" aria-level=\"1\"><span style=\"font-weight: 400;\">To be able to contact our clients via email;<\/span><span style=\"font-weight: 400;\"><br \/><\/span><span style=\"font-weight: 400;\">To inform our clients about our activities, campaigns, promotions, events, among others, that we consider of interest;<\/span><\/li>\n<li style=\"font-weight: 400;\" aria-level=\"1\"><span style=\"font-weight: 400;\">To conduct surveys on the quality of services we offer, as well as loyalty actions.<\/span><\/li>\n<\/ul>\n<p><b>Legitimate basis for processing<br \/><\/b><span style=\"font-weight: 400;\">The legitimate basis for processing is the fulfillment of the contractual or pre-contractual relationship established with our clients, as well as the consent given and, in its absence, the legitimate interest in sending information that we consider of interest.<\/span><\/p>\n<p><b>Communications to third parties, Confidentiality<br \/><\/b><span style=\"font-weight: 400;\">We inform that Endutex Hotels does not communicate your data to third parties and maintains absolute confidentiality about the information regarding your contacts or clients. Endutex Hotels will only communicate your data to third parties in the event that such data communication is necessary for the provision of services.<\/span><\/p>\n<p><b>Data retention<br \/><\/b><span style=\"font-weight: 400;\">Endutex Hotels will keep the data provided as long as it maintains the contractual relationship that motivated its treatment or during the years necessary to comply with legal obligations, resolve responsibilities that may arise, and while the recipient does not exercise their right to deletion or opposition to treatment.<\/span><\/p>\n<p><b>Rights of data subjects<br \/><\/b><span style=\"font-weight: 400;\">You will have all the rights of access, rectification, deletion, opposition, limitation of treatment, portability and to file complaints that, according to your rights, must be directed to the corresponding supervisory authority. To exercise these rights, you can directly send an email to: <a href=\"mailto:gerente.saopaulo@soozhotel.com\">gerente.saopaulo@soozhotel.com<\/a>.<\/span><\/p>\n<p><span style=\"font-weight: 400;\">If you want to stop receiving commercial information from Endutex Hotels, please send an email to <a href=\"mailto:gerente.saopaulo@soozhotel.com\">gerente.saopaulo@soozhotel.com<\/a> with the word &#8220;Baixa&#8221; in the subject line.<\/span><\/p>\n<p><span style=\"font-weight: 400;\">If you have any questions related to our data processing, do not hesitate to write to <a href=\"mailto:gerente.saopaulo@soozhotel.com\">gerente.saopaulo@soozhotel.com<\/a>.<\/span><\/p>\n<p><span style=\"font-weight: 400;\">At Endutex Hotels, we take your privacy very seriously and appreciate your interest in continuing to receive our communications.<\/span><\/p>\n<p>[\/et_pb_text][\/et_pb_column][\/et_pb_row][\/et_pb_section]<\/p>\n","protected":false},"excerpt":{"rendered":"<p>LGPD Purpose for which we use your dataTo maintain the contractual relationship with our clients, for the provision of services by Endutex Hotels;To be able to contact our clients via email;To inform our clients about our activities, campaigns, promotions, events, among others, that we consider of interest;To conduct surveys on the quality of services we [&hellip;]<\/p>\n","protected":false},"author":1,"featured_media":0,"parent":0,"menu_order":0,"comment_status":"closed","ping_status":"closed","template":"","meta":{"_acf_changed":false,"_et_pb_use_builder":"on","_et_pb_old_content":"[et_pb_section fb_built=\"1\" _builder_version=\"4.17.4\" _module_preset=\"default\" da_disable_devices=\"off|off|off\" global_colors_info=\"{}\" da_is_popup=\"off\" da_exit_intent=\"off\" da_has_close=\"on\" da_alt_close=\"off\" da_dark_close=\"off\" da_not_modal=\"on\" da_is_singular=\"off\" da_with_loader=\"off\" da_has_shadow=\"on\"][et_pb_row _builder_version=\"4.17.4\" _module_preset=\"default\" global_colors_info=\"{}\"][et_pb_column type=\"4_4\" _builder_version=\"4.17.4\" _module_preset=\"default\" global_colors_info=\"{}\"][et_pb_text _builder_version=\"4.17.4\" _module_preset=\"default\" header_font=\"Gotham-Bold||||||||\" header_font_size=\"34px\" header_letter_spacing=\"10px\" global_colors_info=\"{}\"]<h1>LGPD<\/h1>[\/et_pb_text][et_pb_text _builder_version=\"4.17.4\" _module_preset=\"default\" text_font=\"||||||||\" text_text_color=\"#000000\" text_font_size=\"18px\" link_font=\"||||on||||\" link_text_color=\"#000000\" hover_enabled=\"0\" global_colors_info=\"{}\" sticky_enabled=\"0\"]<p><b>Finalidade para a qual utilizamos os seus dados<\/b><\/p>\r\n<ul>\r\n<li><span style=\"font-weight: 400;\">Para manter a rela\u00e7\u00e3o contratual com os nossos clientes, para a presta\u00e7\u00e3o dos servi\u00e7os pr\u00f3prios da Endutex Hot\u00e9is;<\/span><\/li>\r\n<li><span style=\"font-weight: 400;\">Para poder entrar em contato com os nossos clientes atrav\u00e9s do e-mail;<\/span><\/li>\r\n<li><span style=\"font-weight: 400;\">Para informar os nossos clientes sobre as nossas atividades, campanhas, promo\u00e7\u00f5es, eventos, entre outros, que consideremos ter interesse;<\/span><\/li>\r\n<li><span style=\"font-weight: 400;\">Para realizar question\u00e1rios sobre a qualidade dos servi\u00e7os que oferecemos, assim como para realizar a\u00e7\u00f5es de fideliza\u00e7\u00e3o.<\/span><\/li>\r\n<\/ul>\r\n<p><b>Base leg\u00edtima do tratamento<\/b><b><br \/><\/b><span style=\"font-weight: 400;\">A base leg\u00edtima do tratamento \u00e9 o cumprimento da rela\u00e7\u00e3o contratual ou pr\u00e9-contratual estabelecida com os nossos clientes, bem como o consentimento concedido e, na sua aus\u00eancia, o interesse leg\u00edtimo pelo envio das informa\u00e7\u00f5es que consideramos de interesse.\u00a0<\/span><\/p>\r\n<p><b>Comunica\u00e7\u00f5es a terceiros, Confidencialidade<\/b><b><br \/><\/b><span style=\"font-weight: 400;\">Informamos que a Endutex Hot\u00e9is, n\u00e3o comunica os seus dados a terceiros e mant\u00e9m absoluta confidencialidade sobre as informa\u00e7\u00f5es referentes aos seus contatos ou clientes. A Endutex Hot\u00e9is, apenas comunicar\u00e1 os seus dados a terceiros no caso de tal comunica\u00e7\u00e3o de dados ser necess\u00e1ria para a presta\u00e7\u00e3o de servi\u00e7os.\u00a0<\/span><\/p>\r\n<p><b>Conserva\u00e7\u00e3o de Dados<\/b><b><br \/><\/b><span style=\"font-weight: 400;\">A Endutex Hot\u00e9is conservar\u00e1 os dados fornecidos enquanto mantiver a rela\u00e7\u00e3o contratual que motivou o seu tratamento ou durante os anos necess\u00e1rios para cumprir as obriga\u00e7\u00f5es legais, resolver responsabilidades que possam advir e enquanto o destinat\u00e1rio n\u00e3o exercer o seu direito de supress\u00e3o ou oposi\u00e7\u00e3o ao tratamento.<\/span><\/p>\r\n<p><b>Direitos dos titulares dos dados<\/b><b><br \/><\/b><span style=\"font-weight: 400;\">Ter\u00e1 todos os direitos de acesso, retifica\u00e7\u00e3o, exclus\u00e3o, oposi\u00e7\u00e3o, limita\u00e7\u00e3o de tratamento, portabilidade e a registar reclama\u00e7\u00f5es que, de acordo com seus direitos, devem ser encaminhados \u00e0 autoridade de controle correspondente. <\/span><span style=\"font-weight: 400;\">Para exercer esses direitos, poder\u00e1 enviar diretamente para: <a href=\"mailto:gerente.saopaulo@soozhotel.com\" target=\"_blank\" rel=\"noopener\">gerente.saopaulo@soozhotel.com<\/a>.<\/span><\/p>\r\n<p><span style=\"font-weight: 400;\">Caso queira deixar de receber informa\u00e7\u00e3o comercial da Endutex Hot\u00e9is, envie um e-mail para <\/span><span style=\"font-weight: 400;\">gerente.saopaulo@soozhotel.com<\/span><span style=\"font-weight: 400;\"> com a palavra \u201cBaixa\u201d no assunto.<\/span><\/p>\r\n<p><span style=\"font-weight: 400;\">Em caso de qualquer esclarecimento de d\u00favidas relacionadas com o nosso tratamento de dados, n\u00e3o hesite em escrever para <a href=\"mailto:gerente.saopaulo@soozhotel.com\" target=\"_blank\" rel=\"noopener\">g<\/a><\/span><a href=\"mailto:gerente.saopaulo@soozhotel.com\" target=\"_blank\" rel=\"noopener\"><span style=\"font-weight: 400;\">erente.saopaulo@soozhotel.com<\/span><\/a><\/p>\r\n<p><span style=\"font-weight: 400;\">Na Endutex Hot\u00e9is, levamos a sua privacidade muito a s\u00e9rio e agradecemos o seu interesse em continuar a receber as nossas comunica\u00e7\u00f5es.<\/span><\/p>[\/et_pb_text][\/et_pb_column][\/et_pb_row][\/et_pb_section]","_et_gb_content_width":"","footnotes":""},"class_list":["post-952","page","type-page","status-publish","hentry"],"acf":[],"yoast_head":"<!-- This site is optimized with the Yoast SEO plugin v27.5 - https:\/\/yoast.com\/product\/yoast-seo-wordpress\/ -->\n<title>LGPD - Hotel Sooz<\/title>\n<meta name=\"robots\" content=\"index, follow, max-snippet:-1, max-image-preview:large, max-video-preview:-1\" \/>\n<link rel=\"canonical\" href=\"https:\/\/www.soozhotel.com\/en\/lgpd\/\" \/>\n<meta property=\"og:locale\" content=\"en_US\" \/>\n<meta property=\"og:type\" content=\"article\" \/>\n<meta property=\"og:title\" content=\"LGPD - Hotel Sooz\" \/>\n<meta property=\"og:description\" content=\"LGPD Purpose for which we use your dataTo maintain the contractual relationship with our clients, for the provision of services by Endutex Hotels;To be able to contact our clients via email;To inform our clients about our activities, campaigns, promotions, events, among others, that we consider of interest;To conduct surveys on the quality of services we [&hellip;]\" \/>\n<meta property=\"og:url\" content=\"https:\/\/www.soozhotel.com\/en\/lgpd\/\" \/>\n<meta property=\"og:site_name\" content=\"Hotel Sooz\" \/>\n<meta property=\"article:modified_time\" content=\"2023-05-15T17:24:54+00:00\" \/>\n<meta name=\"twitter:card\" content=\"summary_large_image\" \/>\n<meta name=\"twitter:label1\" content=\"Est. reading time\" \/>\n\t<meta name=\"twitter:data1\" content=\"3 minutes\" \/>\n<script type=\"application\/ld+json\" class=\"yoast-schema-graph\">{\"@context\":\"https:\\\/\\\/schema.org\",\"@graph\":[{\"@type\":\"WebPage\",\"@id\":\"https:\\\/\\\/www.soozhotel.com\\\/en\\\/lgpd\\\/\",\"url\":\"https:\\\/\\\/www.soozhotel.com\\\/en\\\/lgpd\\\/\",\"name\":\"LGPD - Hotel Sooz\",\"isPartOf\":{\"@id\":\"https:\\\/\\\/www.soozhotel.com\\\/#website\"},\"datePublished\":\"2023-03-23T12:09:55+00:00\",\"dateModified\":\"2023-05-15T17:24:54+00:00\",\"inLanguage\":\"en-US\",\"potentialAction\":[{\"@type\":\"ReadAction\",\"target\":[\"https:\\\/\\\/www.soozhotel.com\\\/en\\\/lgpd\\\/\"]}]},{\"@type\":\"WebSite\",\"@id\":\"https:\\\/\\\/www.soozhotel.com\\\/#website\",\"url\":\"https:\\\/\\\/www.soozhotel.com\\\/\",\"name\":\"Hotel Sooz\",\"description\":\"\",\"potentialAction\":[{\"@type\":\"SearchAction\",\"target\":{\"@type\":\"EntryPoint\",\"urlTemplate\":\"https:\\\/\\\/www.soozhotel.com\\\/?s={search_term_string}\"},\"query-input\":{\"@type\":\"PropertyValueSpecification\",\"valueRequired\":true,\"valueName\":\"search_term_string\"}}],\"inLanguage\":\"en-US\"}]}<\/script>\n<!-- \/ Yoast SEO plugin. -->","yoast_head_json":{"title":"LGPD - Hotel Sooz","robots":{"index":"index","follow":"follow","max-snippet":"max-snippet:-1","max-image-preview":"max-image-preview:large","max-video-preview":"max-video-preview:-1"},"canonical":"https:\/\/www.soozhotel.com\/en\/lgpd\/","og_locale":"en_US","og_type":"article","og_title":"LGPD - Hotel Sooz","og_description":"LGPD Purpose for which we use your dataTo maintain the contractual relationship with our clients, for the provision of services by Endutex Hotels;To be able to contact our clients via email;To inform our clients about our activities, campaigns, promotions, events, among others, that we consider of interest;To conduct surveys on the quality of services we [&hellip;]","og_url":"https:\/\/www.soozhotel.com\/en\/lgpd\/","og_site_name":"Hotel Sooz","article_modified_time":"2023-05-15T17:24:54+00:00","twitter_card":"summary_large_image","twitter_misc":{"Est. reading time":"3 minutes"},"schema":{"@context":"https:\/\/schema.org","@graph":[{"@type":"WebPage","@id":"https:\/\/www.soozhotel.com\/en\/lgpd\/","url":"https:\/\/www.soozhotel.com\/en\/lgpd\/","name":"LGPD - Hotel Sooz","isPartOf":{"@id":"https:\/\/www.soozhotel.com\/#website"},"datePublished":"2023-03-23T12:09:55+00:00","dateModified":"2023-05-15T17:24:54+00:00","inLanguage":"en-US","potentialAction":[{"@type":"ReadAction","target":["https:\/\/www.soozhotel.com\/en\/lgpd\/"]}]},{"@type":"WebSite","@id":"https:\/\/www.soozhotel.com\/#website","url":"https:\/\/www.soozhotel.com\/","name":"Hotel Sooz","description":"","potentialAction":[{"@type":"SearchAction","target":{"@type":"EntryPoint","urlTemplate":"https:\/\/www.soozhotel.com\/?s={search_term_string}"},"query-input":{"@type":"PropertyValueSpecification","valueRequired":true,"valueName":"search_term_string"}}],"inLanguage":"en-US"}]}},"_links":{"self":[{"href":"https:\/\/www.soozhotel.com\/en\/wp-json\/wp\/v2\/pages\/952","targetHints":{"allow":["GET"]}}],"collection":[{"href":"https:\/\/www.soozhotel.com\/en\/wp-json\/wp\/v2\/pages"}],"about":[{"href":"https:\/\/www.soozhotel.com\/en\/wp-json\/wp\/v2\/types\/page"}],"author":[{"embeddable":true,"href":"https:\/\/www.soozhotel.com\/en\/wp-json\/wp\/v2\/users\/1"}],"replies":[{"embeddable":true,"href":"https:\/\/www.soozhotel.com\/en\/wp-json\/wp\/v2\/comments?post=952"}],"version-history":[{"count":3,"href":"https:\/\/www.soozhotel.com\/en\/wp-json\/wp\/v2\/pages\/952\/revisions"}],"predecessor-version":[{"id":955,"href":"https:\/\/www.soozhotel.com\/en\/wp-json\/wp\/v2\/pages\/952\/revisions\/955"}],"wp:attachment":[{"href":"https:\/\/www.soozhotel.com\/en\/wp-json\/wp\/v2\/media?parent=952"}],"curies":[{"name":"wp","href":"https:\/\/api.w.org\/{rel}","templated":true}]}}